{"id":683,"date":"2024-05-30T16:22:52","date_gmt":"2024-05-30T21:22:52","guid":{"rendered":"https:\/\/gadlapaz.gob.ec\/?page_id=683"},"modified":"2025-11-12T15:11:07","modified_gmt":"2025-11-12T20:11:07","slug":"historia","status":"publish","type":"page","link":"https:\/\/gadlapaz.gob.ec\/?page_id=683","title":{"rendered":"Historia"},"content":{"rendered":"\t\t<div data-elementor-type=\"wp-page\" data-elementor-id=\"683\" class=\"elementor elementor-683\" data-elementor-post-type=\"page\">\n\t\t\t\t<div class=\"elementor-element elementor-element-7fd53bc e-flex e-con-boxed e-con e-parent\" data-id=\"7fd53bc\" data-element_type=\"container\">\n\t\t\t\t\t<div class=\"e-con-inner\">\n\t\t\t\t<div class=\"elementor-element elementor-element-50a92c9 de_scroll_animation_no elementor-widget elementor-widget-heading\" data-id=\"50a92c9\" data-element_type=\"widget\" data-widget_type=\"heading.default\">\n\t\t\t\t<div class=\"elementor-widget-container\">\n\t\t\t<style>\/*! elementor - v3.21.0 - 25-04-2024 *\/\n.elementor-heading-title{padding:0;margin:0;line-height:1}.elementor-widget-heading .elementor-heading-title[class*=elementor-size-]>a{color:inherit;font-size:inherit;line-height:inherit}.elementor-widget-heading .elementor-heading-title.elementor-size-small{font-size:15px}.elementor-widget-heading .elementor-heading-title.elementor-size-medium{font-size:19px}.elementor-widget-heading .elementor-heading-title.elementor-size-large{font-size:29px}.elementor-widget-heading .elementor-heading-title.elementor-size-xl{font-size:39px}.elementor-widget-heading .elementor-heading-title.elementor-size-xxl{font-size:59px}<\/style><h2 class=\"elementor-heading-title elementor-size-default\">RESE\u00d1A HIST\u00d3RICA DE LA PARROQUIA LAPAZ<\/h2>\t\t<\/div>\n\t\t\t\t<\/div>\n\t\t\t\t\t<\/div>\n\t\t\t\t<\/div>\n\t\t<div class=\"elementor-element elementor-element-ff966f5 e-flex e-con-boxed e-con e-parent\" data-id=\"ff966f5\" data-element_type=\"container\">\n\t\t\t\t\t<div class=\"e-con-inner\">\n\t\t<div class=\"elementor-element elementor-element-2764412 e-flex e-con-boxed e-con e-child\" data-id=\"2764412\" data-element_type=\"container\">\n\t\t\t\t\t<div class=\"e-con-inner\">\n\t\t\t\t<div class=\"elementor-element elementor-element-c4a2f0e de_scroll_animation_no elementor-widget elementor-widget-image\" data-id=\"c4a2f0e\" data-element_type=\"widget\" data-widget_type=\"image.default\">\n\t\t\t\t<div class=\"elementor-widget-container\">\n\t\t\t<style>\/*! elementor - v3.21.0 - 25-04-2024 *\/\n.elementor-widget-image{text-align:center}.elementor-widget-image a{display:inline-block}.elementor-widget-image a img[src$=\".svg\"]{width:48px}.elementor-widget-image img{vertical-align:middle;display:inline-block}<\/style>\t\t\t\t\t\t\t\t\t\t<img fetchpriority=\"high\" decoding=\"async\" width=\"768\" height=\"512\" src=\"https:\/\/gadlapaz.gob.ec\/wp-content\/uploads\/2025\/11\/PARROQUIA-LA-PAZ-768x512.jpg\" class=\"attachment-medium_large size-medium_large wp-image-960\" alt=\"\" srcset=\"https:\/\/gadlapaz.gob.ec\/wp-content\/uploads\/2025\/11\/PARROQUIA-LA-PAZ-768x512.jpg 768w, https:\/\/gadlapaz.gob.ec\/wp-content\/uploads\/2025\/11\/PARROQUIA-LA-PAZ-300x200.jpg 300w, https:\/\/gadlapaz.gob.ec\/wp-content\/uploads\/2025\/11\/PARROQUIA-LA-PAZ-1024x683.jpg 1024w, https:\/\/gadlapaz.gob.ec\/wp-content\/uploads\/2025\/11\/PARROQUIA-LA-PAZ-1536x1025.jpg 1536w, https:\/\/gadlapaz.gob.ec\/wp-content\/uploads\/2025\/11\/PARROQUIA-LA-PAZ.jpg 2048w\" sizes=\"(max-width: 768px) 100vw, 768px\" \/>\t\t\t\t\t\t\t\t\t\t\t\t\t<\/div>\n\t\t\t\t<\/div>\n\t\t\t\t\t<\/div>\n\t\t\t\t<\/div>\n\t\t\t\t<div class=\"elementor-element elementor-element-8bc039d de_scroll_animation_no elementor-widget elementor-widget-text-editor\" data-id=\"8bc039d\" data-element_type=\"widget\" data-widget_type=\"text-editor.default\">\n\t\t\t\t<div class=\"elementor-widget-container\">\n\t\t\t<style>\/*! elementor - v3.21.0 - 25-04-2024 *\/\n.elementor-widget-text-editor.elementor-drop-cap-view-stacked .elementor-drop-cap{background-color:#69727d;color:#fff}.elementor-widget-text-editor.elementor-drop-cap-view-framed .elementor-drop-cap{color:#69727d;border:3px solid;background-color:transparent}.elementor-widget-text-editor:not(.elementor-drop-cap-view-default) .elementor-drop-cap{margin-top:8px}.elementor-widget-text-editor:not(.elementor-drop-cap-view-default) .elementor-drop-cap-letter{width:1em;height:1em}.elementor-widget-text-editor .elementor-drop-cap{float:left;text-align:center;line-height:1;font-size:50px}.elementor-widget-text-editor .elementor-drop-cap-letter{display:inline-block}<\/style>\t\t\t\t<p>Nuestra parroquia La Paz se crea mediante acuerdo ministerial n\u00famero 3 del 25 de noviembre de 1961 publicado en el registro oficial N\u00ba. 28 del 11 de diciembre del 1961 (Dr. Oswaldo Cevallos Faborca, en calidad de <strong>Secretario General de la Comisi\u00f3n de Limites Internos de la Rep\u00fablica) <\/strong>con el apoyo de Leonardo Cornejo S\u00e1nchez <strong>Ministro de Gobierno y Municipalidades<\/strong>, en atenci\u00f3n a la solicitud presentada por la Municipalidad del cant\u00f3n Yacuambi<strong>, <\/strong>seg\u00fan ordenanza dictada el 22 y 25 de agosto de 1960. Se crea la parroquia La Paz, consider\u00e1ndose los caser\u00edos de: La Paz, Namakuntza, La Victoria, San Roque, La Garganta y la Ciudad.<\/p><p>La parroquia tendr\u00e1 los siguientes l\u00edmites: por el <strong>Norte:<\/strong> los caser\u00edos de Piuntza y Namakuntza: por el <strong>Sur:<\/strong> por la cordillera de Kurintza, que pasando el rio llega a la cordillera de los Andes, constituyendo el lindero occidente; por el<strong> Este: <\/strong>con el cerro Manka Urku y la cordillera de Chica\u00f1a; y, por el <strong>Oeste <\/strong>la cordillera de los Andes, El Sadal, Sharak, Sordo Moras y las Pe\u00f1as Encantadas que limitan la parroquia Imbana. (Fuente: I. Municipio de Yacuambi, Registro Oficial.<\/p><p>En la d\u00e9cada de los setenta y ochenta se consideraron otros caser\u00edos dentro del territorio parroquial, los centro Shuar definen su territorio, empiezan a desarrollar actividades agr\u00edcolas, ganaderas, se inicia la tala de bosques, extracci\u00f3n de la madera, construcci\u00f3n y creaci\u00f3n de escuelas fiscales, capillas, construcci\u00f3n de caminos vecinales dentro de las comunidades y la carretera principal desde Guadalupe.<\/p><p>Entre las leyendas y sucesos que cuenta los nativos que aproximadamente en la primera d\u00e9cada de siglo XIX ocurri\u00f3 un fen\u00f3meno natural nunca m\u00e1s ocurrido hasta la actualidad; cuando el nativo Shuar realizaba su faena normal de pesca en el rio Yacuambi sector \u201cLas Pe\u00f1as\u201d a 4 kil\u00f3metros de La Paz, vio que el caudal de rio iba disminuyendo sus aguas, entonces observ\u00f3 que en el fondo hab\u00eda peces y lagartos de gran tama\u00f1o, loro coger y escapo r\u00e1pidamente quien junto a su mujer cruzaron el rio, gritaron despavoridos y pensaron que era el d\u00eda del Juicio\u00a0 al ver que el rio disminuyo totalmente su caudal y r\u00e1pidamente se trasladaron a Cambana donde viv\u00eda sus familiares; de regreso observaron una gran laguna formada donde actualmente se asienta la poblaci\u00f3n de La Paz hasta Piuntza, esto sucedi\u00f3 debido a un deslave ocurrido en las partes altas del rio Piuntza y Yacuambi, que formaron una represa de gran tama\u00f1o en \u201cLas Pe\u00f1as\u201d\u00a0\u00a0 logrando represar el gran caudal del agua e inundar m\u00e1s de 6 km de longitud hasta la uni\u00f3n de los r\u00edos mencionados.<\/p><p><strong>Otros datos hist\u00f3ricos<\/strong><\/p><ul><li>En 1962 se instala por primera vez la oficina de la Tenencia Pol\u00edtica con su respectivo secretario.<\/li><li>El en 2000 el Obispo Monse\u00f1or Seraf\u00edn Cartagena eleva de categor\u00eda de eclesi\u00e1stica la iglesia, adem\u00e1s se construye el convento con el apoyo de padre Jorge Niht.<\/li><li>En el 2000 se elige la primera Junta Parroquial por votaci\u00f3n popular, siendo el Sr. Agust\u00edn Tsukanka (Pueblo Shuar) primer presidente que inicia su administraci\u00f3n.<\/li><\/ul><p>El primer poblador fue el se\u00f1or Jos\u00e9 Mariano Saetama por los a\u00f1os 1935 quien ha vendido sus tierras al se\u00f1or fundador de la parroquia de La Paz Jos\u00e9 Manuel Armijos por los a\u00f1os 1936 y al otro lado del Rio Yacuambi fueron los due\u00f1os el se\u00f1or Emiliano M\u00e1rquez, que posterior lo vendi\u00f3 sus tierras al se\u00f1or Jos\u00e9 Manuel Armijos. Por el a\u00f1o 1958 sucede un desastre que se derrumba en el estrecho de Las Pe\u00f1as cerrado el paso del rio Yacuambi, en la cual, queda, inundado casi en su totalidad en centro poblado, produci\u00e9ndose a las 4 horas de la tarde y se desfoga a las 7 horas traite de la noche.<\/p><p>En aquella \u00e9poca no se hab\u00eda creado la escuela por falta de n\u00famero de alumnos; para lo cual el se\u00f1or Jos\u00e9 Manuel Armijos, con la finalidad de ajustar 12 alumnos para su creaci\u00f3n, tuvo que traer a sus sobrinos desde la provincia del Azuay, la escuelita se construy\u00f3 a trav\u00e9s de mingas en el lote donado por el se\u00f1or Jos\u00e9 Manuel Armijos.<\/p><p>Los primeros due\u00f1os en la d\u00e9cada del cuarenta y cincuenta del silo XIX, fueron dos familias: Samuel Guasha y la familia Segundo Ar\u00e9valo Ordo\u00f1ez, ya para los a\u00f1os sesenta y setenta las familias est\u00e1n conformadas por los Saraguros, y la presencia de algunos mestizos de la provincia de Loja, quienes se mantiene unidos para gestiones de car\u00e1cter parroquial y barrial.<\/p>\t\t\t\t\t\t<\/div>\n\t\t\t\t<\/div>\n\t\t\t\t\t<\/div>\n\t\t\t\t<\/div>\n\t\t\t\t<\/div>\n\t\t","protected":false},"excerpt":{"rendered":"<p>RESE\u00d1A HIST\u00d3RICA DE LA PARROQUIA LAPAZ Nuestra parroquia La Paz se crea mediante acuerdo ministerial n\u00famero 3 del 25 de noviembre de 1961 publicado en el registro oficial N\u00ba. 28 &#8230;<\/p>\n","protected":false},"author":1,"featured_media":0,"parent":0,"menu_order":0,"comment_status":"closed","ping_status":"closed","template":"elementor_header_footer","meta":{"footnotes":""},"class_list":["post-683","page","type-page","status-publish","hentry"],"_links":{"self":[{"href":"https:\/\/gadlapaz.gob.ec\/index.php?rest_route=\/wp\/v2\/pages\/683","targetHints":{"allow":["GET"]}}],"collection":[{"href":"https:\/\/gadlapaz.gob.ec\/index.php?rest_route=\/wp\/v2\/pages"}],"about":[{"href":"https:\/\/gadlapaz.gob.ec\/index.php?rest_route=\/wp\/v2\/types\/page"}],"author":[{"embeddable":true,"href":"https:\/\/gadlapaz.gob.ec\/index.php?rest_route=\/wp\/v2\/users\/1"}],"replies":[{"embeddable":true,"href":"https:\/\/gadlapaz.gob.ec\/index.php?rest_route=%2Fwp%2Fv2%2Fcomments&post=683"}],"version-history":[{"count":10,"href":"https:\/\/gadlapaz.gob.ec\/index.php?rest_route=\/wp\/v2\/pages\/683\/revisions"}],"predecessor-version":[{"id":963,"href":"https:\/\/gadlapaz.gob.ec\/index.php?rest_route=\/wp\/v2\/pages\/683\/revisions\/963"}],"wp:attachment":[{"href":"https:\/\/gadlapaz.gob.ec\/index.php?rest_route=%2Fwp%2Fv2%2Fmedia&parent=683"}],"curies":[{"name":"wp","href":"https:\/\/api.w.org\/{rel}","templated":true}]}}