{"id":874,"date":"2025-06-18T09:08:20","date_gmt":"2025-06-18T14:08:20","guid":{"rendered":"https:\/\/gadlapaz.gob.ec\/?page_id=874"},"modified":"2025-08-13T11:36:41","modified_gmt":"2025-08-13T16:36:41","slug":"rendicion-de-cuentas-2024","status":"publish","type":"page","link":"https:\/\/gadlapaz.gob.ec\/?page_id=874","title":{"rendered":"Rendici\u00f3n de Cuentas 2024"},"content":{"rendered":"\t\t<div data-elementor-type=\"wp-page\" data-elementor-id=\"874\" class=\"elementor elementor-874\" data-elementor-post-type=\"page\">\n\t\t\t\t<div class=\"elementor-element elementor-element-ac53fbf e-flex e-con-boxed e-con e-parent\" data-id=\"ac53fbf\" data-element_type=\"container\">\n\t\t\t\t\t<div class=\"e-con-inner\">\n\t\t\t\t<div class=\"elementor-element elementor-element-d766f20 de_scroll_animation_no elementor-widget elementor-widget-text-editor\" data-id=\"d766f20\" data-element_type=\"widget\" data-widget_type=\"text-editor.default\">\n\t\t\t\t<div class=\"elementor-widget-container\">\n\t\t\t<style>\/*! elementor - v3.21.0 - 25-04-2024 *\/\n.elementor-widget-text-editor.elementor-drop-cap-view-stacked .elementor-drop-cap{background-color:#69727d;color:#fff}.elementor-widget-text-editor.elementor-drop-cap-view-framed .elementor-drop-cap{color:#69727d;border:3px solid;background-color:transparent}.elementor-widget-text-editor:not(.elementor-drop-cap-view-default) .elementor-drop-cap{margin-top:8px}.elementor-widget-text-editor:not(.elementor-drop-cap-view-default) .elementor-drop-cap-letter{width:1em;height:1em}.elementor-widget-text-editor .elementor-drop-cap{float:left;text-align:center;line-height:1;font-size:50px}.elementor-widget-text-editor .elementor-drop-cap-letter{display:inline-block}<\/style>\t\t\t\t<p>Rendici\u00f3n de Cuentas A\u00f1o 2024<\/p>\t\t\t\t\t\t<\/div>\n\t\t\t\t<\/div>\n\t\t\t\t\t<\/div>\n\t\t\t\t<\/div>\n\t\t<div class=\"elementor-element elementor-element-a2f33a6 e-flex e-con-boxed e-con e-parent\" data-id=\"a2f33a6\" data-element_type=\"container\">\n\t\t\t\t\t<div class=\"e-con-inner\">\n\t\t\t\t<div class=\"elementor-element elementor-element-7348ae1 de_scroll_animation_no elementor-widget elementor-widget-text-editor\" data-id=\"7348ae1\" data-element_type=\"widget\" data-widget_type=\"text-editor.default\">\n\t\t\t\t<div class=\"elementor-widget-container\">\n\t\t\t\t\t\t\t<p>Actividades realizadas de acuerdo a las fases del\u00a0 cronograma establecido por el CPCCS, para la Rendici\u00f3n de cuentas del a\u00f1o 2024.<\/p>\t\t\t\t\t\t<\/div>\n\t\t\t\t<\/div>\n\t\t\t\t\t<\/div>\n\t\t\t\t<\/div>\n\t\t<div class=\"elementor-element elementor-element-5942d47 e-flex e-con-boxed e-con e-parent\" data-id=\"5942d47\" data-element_type=\"container\">\n\t\t\t\t\t<div class=\"e-con-inner\">\n\t\t\t\t<div class=\"elementor-element elementor-element-79d79c6 de_scroll_animation_no elementor-widget elementor-widget-accordion\" data-id=\"79d79c6\" data-element_type=\"widget\" data-widget_type=\"accordion.default\">\n\t\t\t\t<div class=\"elementor-widget-container\">\n\t\t\t<style>\/*! elementor - v3.21.0 - 25-04-2024 *\/\n.elementor-accordion{text-align:start}.elementor-accordion .elementor-accordion-item{border:1px solid #d5d8dc}.elementor-accordion .elementor-accordion-item+.elementor-accordion-item{border-top:none}.elementor-accordion .elementor-tab-title{margin:0;padding:15px 20px;font-weight:700;line-height:1;cursor:pointer;outline:none}.elementor-accordion .elementor-tab-title .elementor-accordion-icon{display:inline-block;width:1.5em}.elementor-accordion .elementor-tab-title .elementor-accordion-icon svg{width:1em;height:1em}.elementor-accordion .elementor-tab-title .elementor-accordion-icon.elementor-accordion-icon-right{float:right;text-align:right}.elementor-accordion .elementor-tab-title .elementor-accordion-icon.elementor-accordion-icon-left{float:left;text-align:left}.elementor-accordion .elementor-tab-title .elementor-accordion-icon .elementor-accordion-icon-closed{display:block}.elementor-accordion .elementor-tab-title .elementor-accordion-icon .elementor-accordion-icon-opened,.elementor-accordion .elementor-tab-title.elementor-active .elementor-accordion-icon-closed{display:none}.elementor-accordion .elementor-tab-title.elementor-active .elementor-accordion-icon-opened{display:block}.elementor-accordion .elementor-tab-content{display:none;padding:15px 20px;border-top:1px solid #d5d8dc}@media (max-width:767px){.elementor-accordion .elementor-tab-title{padding:12px 15px}.elementor-accordion .elementor-tab-title .elementor-accordion-icon{width:1.2em}.elementor-accordion .elementor-tab-content{padding:7px 15px}}.e-con-inner>.elementor-widget-accordion,.e-con>.elementor-widget-accordion{width:var(--container-widget-width);--flex-grow:var(--container-widget-flex-grow)}<\/style>\t\t<div class=\"elementor-accordion\">\n\t\t\t\t\t\t\t<div class=\"elementor-accordion-item\">\n\t\t\t\t\t<div id=\"elementor-tab-title-1271\" class=\"elementor-tab-title\" data-tab=\"1\" role=\"button\" aria-controls=\"elementor-tab-content-1271\" aria-expanded=\"false\">\n\t\t\t\t\t\t\t\t\t\t\t\t\t<span class=\"elementor-accordion-icon elementor-accordion-icon-left\" aria-hidden=\"true\">\n\t\t\t\t\t\t\t\t\t\t\t\t\t\t\t<span class=\"elementor-accordion-icon-closed\"><svg class=\"e-font-icon-svg e-fas-plus\" viewBox=\"0 0 448 512\" xmlns=\"http:\/\/www.w3.org\/2000\/svg\"><path d=\"M416 208H272V64c0-17.67-14.33-32-32-32h-32c-17.67 0-32 14.33-32 32v144H32c-17.67 0-32 14.33-32 32v32c0 17.67 14.33 32 32 32h144v144c0 17.67 14.33 32 32 32h32c17.67 0 32-14.33 32-32V304h144c17.67 0 32-14.33 32-32v-32c0-17.67-14.33-32-32-32z\"><\/path><\/svg><\/span>\n\t\t\t\t\t\t\t\t<span class=\"elementor-accordion-icon-opened\"><svg class=\"e-font-icon-svg e-fas-minus\" viewBox=\"0 0 448 512\" xmlns=\"http:\/\/www.w3.org\/2000\/svg\"><path d=\"M416 208H32c-17.67 0-32 14.33-32 32v32c0 17.67 14.33 32 32 32h384c17.67 0 32-14.33 32-32v-32c0-17.67-14.33-32-32-32z\"><\/path><\/svg><\/span>\n\t\t\t\t\t\t\t\t\t\t\t\t\t\t<\/span>\n\t\t\t\t\t\t\t\t\t\t\t\t<a class=\"elementor-accordion-title\" tabindex=\"0\">Fase 1: Planificaci\u00f3n y Facilitaci\u00f3n del Proceso<\/a>\n\t\t\t\t\t<\/div>\n\t\t\t\t\t<div id=\"elementor-tab-content-1271\" class=\"elementor-tab-content elementor-clearfix\" data-tab=\"1\" role=\"region\" aria-labelledby=\"elementor-tab-title-1271\"><p><a href=\"https:\/\/drive.google.com\/file\/d\/1EHZRqC7Q8Rjv45TWjVdjjfjaM7hHGN9c\/view?usp=sharing\">1. LEVANTAMIENTO DE CONSULTA CIUDADANA<\/a><\/p><p><a href=\"https:\/\/drive.google.com\/file\/d\/1qTr-Qg3oCFzZu4vX9Dn5GqLxOWg7p1ik\/view?usp=sharing\">2. ACTA DE CONFORMACI\u00d3N DEL EQUIPO T\u00c9CNICO MIXTO Y PARITARIO<\/a><\/p><p><a href=\"https:\/\/drive.google.com\/file\/d\/19eXlQ6T89axSIOyY_fMO3fgIaJGN8cHq\/view?usp=sharing\">3. ACTA DE CREACI\u00d3N DE SUBCOMISIONES<\/a><\/p><p><a href=\"https:\/\/drive.google.com\/file\/d\/1pStWG_sbtshrSl7nGI0LuD2ru1aijtwo\/view?usp=sharing\">Plan de trabajo 2023- Yacuambi- La Paz<\/a><\/p><\/div>\n\t\t\t\t<\/div>\n\t\t\t\t\t\t\t<div class=\"elementor-accordion-item\">\n\t\t\t\t\t<div id=\"elementor-tab-title-1272\" class=\"elementor-tab-title\" data-tab=\"2\" role=\"button\" aria-controls=\"elementor-tab-content-1272\" aria-expanded=\"false\">\n\t\t\t\t\t\t\t\t\t\t\t\t\t<span class=\"elementor-accordion-icon elementor-accordion-icon-left\" aria-hidden=\"true\">\n\t\t\t\t\t\t\t\t\t\t\t\t\t\t\t<span class=\"elementor-accordion-icon-closed\"><svg class=\"e-font-icon-svg e-fas-plus\" viewBox=\"0 0 448 512\" xmlns=\"http:\/\/www.w3.org\/2000\/svg\"><path d=\"M416 208H272V64c0-17.67-14.33-32-32-32h-32c-17.67 0-32 14.33-32 32v144H32c-17.67 0-32 14.33-32 32v32c0 17.67 14.33 32 32 32h144v144c0 17.67 14.33 32 32 32h32c17.67 0 32-14.33 32-32V304h144c17.67 0 32-14.33 32-32v-32c0-17.67-14.33-32-32-32z\"><\/path><\/svg><\/span>\n\t\t\t\t\t\t\t\t<span class=\"elementor-accordion-icon-opened\"><svg class=\"e-font-icon-svg e-fas-minus\" viewBox=\"0 0 448 512\" xmlns=\"http:\/\/www.w3.org\/2000\/svg\"><path d=\"M416 208H32c-17.67 0-32 14.33-32 32v32c0 17.67 14.33 32 32 32h384c17.67 0 32-14.33 32-32v-32c0-17.67-14.33-32-32-32z\"><\/path><\/svg><\/span>\n\t\t\t\t\t\t\t\t\t\t\t\t\t\t<\/span>\n\t\t\t\t\t\t\t\t\t\t\t\t<a class=\"elementor-accordion-title\" tabindex=\"0\">Fase 2: Evaluaci\u00f3n de la Gesti\u00f3n y Elaboraci\u00f3n del Informe de Rendici\u00f3n de Cuentas<\/a>\n\t\t\t\t\t<\/div>\n\t\t\t\t\t<div id=\"elementor-tab-content-1272\" class=\"elementor-tab-content elementor-clearfix\" data-tab=\"2\" role=\"region\" aria-labelledby=\"elementor-tab-title-1272\"><ol><li><a href=\"https:\/\/drive.google.com\/file\/d\/1S5wKwKzICnUEHNkQ9J4m8WgBqSguhqRF\/view?usp=sharing\">ACTA DE EVALUACI\u00d3N Y APROBACI\u00d3N DE RENDICI\u00d3N DE CUENTAS<\/a><\/li><li><a href=\"https:\/\/drive.google.com\/file\/d\/14OPV0kc4a51XNhSyqeZ8NW6r7u1J7bA0\/view?usp=sharing\">INFORME DE RENDICI\u00d3N DE CUENTAS A LA CIUDADANIA<\/a><\/li><li><a href=\"https:\/\/docs.google.com\/spreadsheets\/d\/1Pk66sZiEBhkIyb83499OdiARl7ZTdFK_\/edit?usp=sharing&amp;ouid=109966609607158036276&amp;rtpof=true&amp;sd=true\">FORMULARIO DE RENDICI\u00d3N DE CUENTAS 2024<\/a><\/li><li><a href=\"https:\/\/drive.google.com\/file\/d\/1hUkKClwH89XM-EUqQj4q0i3B9YGwZm3q\/view?usp=sharing\">RESOLUCI\u00d3N DE APROBACI\u00d3N<\/a><\/li><li><a href=\"https:\/\/drive.google.com\/file\/d\/1vpEMkx9KWWcg4n6XbpHrd4a33bXo730n\/view?usp=sharing\">OFICIO DE ENTREGA DEL INFORME A ASAMBLEA CIUDADANA RECIBIDO<\/a><\/li><\/ol><\/div>\n\t\t\t\t<\/div>\n\t\t\t\t\t\t\t<div class=\"elementor-accordion-item\">\n\t\t\t\t\t<div id=\"elementor-tab-title-1273\" class=\"elementor-tab-title\" data-tab=\"3\" role=\"button\" aria-controls=\"elementor-tab-content-1273\" aria-expanded=\"false\">\n\t\t\t\t\t\t\t\t\t\t\t\t\t<span class=\"elementor-accordion-icon elementor-accordion-icon-left\" aria-hidden=\"true\">\n\t\t\t\t\t\t\t\t\t\t\t\t\t\t\t<span class=\"elementor-accordion-icon-closed\"><svg class=\"e-font-icon-svg e-fas-plus\" viewBox=\"0 0 448 512\" xmlns=\"http:\/\/www.w3.org\/2000\/svg\"><path d=\"M416 208H272V64c0-17.67-14.33-32-32-32h-32c-17.67 0-32 14.33-32 32v144H32c-17.67 0-32 14.33-32 32v32c0 17.67 14.33 32 32 32h144v144c0 17.67 14.33 32 32 32h32c17.67 0 32-14.33 32-32V304h144c17.67 0 32-14.33 32-32v-32c0-17.67-14.33-32-32-32z\"><\/path><\/svg><\/span>\n\t\t\t\t\t\t\t\t<span class=\"elementor-accordion-icon-opened\"><svg class=\"e-font-icon-svg e-fas-minus\" viewBox=\"0 0 448 512\" xmlns=\"http:\/\/www.w3.org\/2000\/svg\"><path d=\"M416 208H32c-17.67 0-32 14.33-32 32v32c0 17.67 14.33 32 32 32h384c17.67 0 32-14.33 32-32v-32c0-17.67-14.33-32-32-32z\"><\/path><\/svg><\/span>\n\t\t\t\t\t\t\t\t\t\t\t\t\t\t<\/span>\n\t\t\t\t\t\t\t\t\t\t\t\t<a class=\"elementor-accordion-title\" tabindex=\"0\">Fase 3: Deliberaci\u00f3n P\u00fablica y Evaluaci\u00f3n Ciudadana del Informe de Rendici\u00f3n de Cuentas<\/a>\n\t\t\t\t\t<\/div>\n\t\t\t\t\t<div id=\"elementor-tab-content-1273\" class=\"elementor-tab-content elementor-clearfix\" data-tab=\"3\" role=\"region\" aria-labelledby=\"elementor-tab-title-1273\"><ol><li><a href=\"https:\/\/drive.google.com\/file\/d\/1Nd1IpyVgfEuzdYj0UD1t7FYuQqUr2Wb6\/view?usp=sharing\">OFICIO DE INVITACI\u00d3N RENDICI\u00d3N DE CUENTAS ASAMBLEA LOCAL CIUDADANA<\/a><\/li><li><a href=\"https:\/\/drive.google.com\/file\/d\/1c9KGqD2BNLbASwKLNWTInitmV_FMeAsy\/view?usp=sharing\">OFICIO DE INVITACI\u00d3N RENDICI\u00d3N DE CUENTAS PRESIDENTES ASOCIACIONES<\/a><\/li><li><a href=\"https:\/\/drive.google.com\/file\/d\/1M5Zrqa32pGnDqFHwTrUThlK2fbs2tzU1\/view?usp=sharing\">OFICIO DE INVITACI\u00d3N RENDICI\u00d3N DE CUENTAS PRESIDENTES COMUNIDADES<\/a><\/li><li><a href=\"https:\/\/drive.google.com\/file\/d\/1nZiLr6xhmSCfNKVE3MuqKwfhVXFvN5LU\/view?usp=sharing\">OFICIO DE INVITACI\u00d3N RENDICI\u00d3N DE CUENTAS PUESTOS DE SALUD<\/a><\/li><li><a href=\"https:\/\/drive.google.com\/file\/d\/1KeElcbod4W2-pUqUUrlmkAocNnIihVU_\/view?usp=sharing\">OFICIO DE INVITACI\u00d3N RENDICI\u00d3N DE CUENTAS UNIDADES EDUCATIVAS<\/a><\/li><li><a href=\"https:\/\/drive.google.com\/file\/d\/1ouSUFO045jDxEisg9ads918Q2A4YJmNe\/view?usp=sharing\">REGISTRO ASISTENCIA RENDICI\u00d3N DE CUENTAS 2024<\/a><\/li><li><a href=\"https:\/\/drive.google.com\/file\/d\/1WHqE7dxS20GRt6Zke90NsvUu7MTcdD6t\/view?usp=sharing\">RENDICI\u00d3N DE CUENTAS 2024<\/a><\/li><li><a href=\"https:\/\/drive.google.com\/file\/d\/1g8NgUZl5XeG066PuGqNhgF7uMztWldYw\/view?usp=sharing\">ACTA DE DELIBERACI\u00d3N P\u00daBLICA 2024 GAD LA PAZ<\/a><\/li><\/ol><\/div>\n\t\t\t\t<\/div>\n\t\t\t\t\t\t\t<div class=\"elementor-accordion-item\">\n\t\t\t\t\t<div id=\"elementor-tab-title-1274\" class=\"elementor-tab-title\" data-tab=\"4\" role=\"button\" aria-controls=\"elementor-tab-content-1274\" aria-expanded=\"false\">\n\t\t\t\t\t\t\t\t\t\t\t\t\t<span class=\"elementor-accordion-icon elementor-accordion-icon-left\" aria-hidden=\"true\">\n\t\t\t\t\t\t\t\t\t\t\t\t\t\t\t<span class=\"elementor-accordion-icon-closed\"><svg class=\"e-font-icon-svg e-fas-plus\" viewBox=\"0 0 448 512\" xmlns=\"http:\/\/www.w3.org\/2000\/svg\"><path d=\"M416 208H272V64c0-17.67-14.33-32-32-32h-32c-17.67 0-32 14.33-32 32v144H32c-17.67 0-32 14.33-32 32v32c0 17.67 14.33 32 32 32h144v144c0 17.67 14.33 32 32 32h32c17.67 0 32-14.33 32-32V304h144c17.67 0 32-14.33 32-32v-32c0-17.67-14.33-32-32-32z\"><\/path><\/svg><\/span>\n\t\t\t\t\t\t\t\t<span class=\"elementor-accordion-icon-opened\"><svg class=\"e-font-icon-svg e-fas-minus\" viewBox=\"0 0 448 512\" xmlns=\"http:\/\/www.w3.org\/2000\/svg\"><path d=\"M416 208H32c-17.67 0-32 14.33-32 32v32c0 17.67 14.33 32 32 32h384c17.67 0 32-14.33 32-32v-32c0-17.67-14.33-32-32-32z\"><\/path><\/svg><\/span>\n\t\t\t\t\t\t\t\t\t\t\t\t\t\t<\/span>\n\t\t\t\t\t\t\t\t\t\t\t\t<a class=\"elementor-accordion-title\" tabindex=\"0\">Fase 4: Incorporaci\u00f3n de la Opini\u00f3n Ciudadana, Retroalimentaci\u00f3n y Seguimiento<\/a>\n\t\t\t\t\t<\/div>\n\t\t\t\t\t<div id=\"elementor-tab-content-1274\" class=\"elementor-tab-content elementor-clearfix\" data-tab=\"4\" role=\"region\" aria-labelledby=\"elementor-tab-title-1274\"><ol><li><a href=\"https:\/\/drive.google.com\/file\/d\/162qGKm5tmkx-RcvPt9ndcWwsFsmE8z2K\/view?usp=sharing\">ACTA DE DELIBERACI\u00d3N P\u00daBLICA 2024 GAD LA PAZ<\/a><\/li><li><a href=\"https:\/\/drive.google.com\/file\/d\/1pvJieV159h0B1kv6B1p4eU9FAbLmKh17\/view?usp=sharing\">PLAN DE TRABAJO, SUGERENCIAS Y RECOMENDACIONES<\/a><\/li><li><a href=\"https:\/\/drive.google.com\/file\/d\/1U0WwO2y9sfEAmXuMnwhLnf7nrO097tAV\/view?usp=sharing\">ENTREGA DE PLAN DE TRABAJO ASAMBLEA LOCAL CIUDADANA<\/a><\/li><li><a href=\"https:\/\/drive.google.com\/file\/d\/1VhG57AefEDtNmqnjXHZitIYZhXeJmW93\/view?usp=sharing\">OFICIOS DE ENTREGA DE PLAN DE TRABAJO ASAMBLEA LOCAL CIUDADANA<\/a><\/li><li><a href=\"https:\/\/drive.google.com\/file\/d\/184HzhJFoqWxk5av12OS-D0BHmd9vMtBw\/view?usp=sharing\">OFICIO ENTREGA PLAN DE TRABAJO CPCCS<\/a><\/li><li><a href=\"https:\/\/drive.google.com\/file\/d\/1Own2ZwdFBWYJT3-d49uFmj0Q_7DWwOi6\/view?usp=sharing\">FORMULARIO DE RENDICI\u00d3N DE CUENTAS 2024<\/a><\/li><\/ol><\/div>\n\t\t\t\t<\/div>\n\t\t\t\t\t\t\t\t<\/div>\n\t\t\t\t<\/div>\n\t\t\t\t<\/div>\n\t\t\t\t\t<\/div>\n\t\t\t\t<\/div>\n\t\t\t\t<\/div>\n\t\t","protected":false},"excerpt":{"rendered":"<p>Rendici\u00f3n de Cuentas A\u00f1o 2024 Actividades realizadas de acuerdo a las fases del\u00a0 cronograma establecido por el CPCCS, para la Rendici\u00f3n de cuentas del a\u00f1o 2024. Fase 1: Planificaci\u00f3n y &#8230;<\/p>\n","protected":false},"author":1,"featured_media":0,"parent":0,"menu_order":0,"comment_status":"closed","ping_status":"closed","template":"","meta":{"footnotes":""},"class_list":["post-874","page","type-page","status-publish","hentry"],"_links":{"self":[{"href":"https:\/\/gadlapaz.gob.ec\/index.php?rest_route=\/wp\/v2\/pages\/874","targetHints":{"allow":["GET"]}}],"collection":[{"href":"https:\/\/gadlapaz.gob.ec\/index.php?rest_route=\/wp\/v2\/pages"}],"about":[{"href":"https:\/\/gadlapaz.gob.ec\/index.php?rest_route=\/wp\/v2\/types\/page"}],"author":[{"embeddable":true,"href":"https:\/\/gadlapaz.gob.ec\/index.php?rest_route=\/wp\/v2\/users\/1"}],"replies":[{"embeddable":true,"href":"https:\/\/gadlapaz.gob.ec\/index.php?rest_route=%2Fwp%2Fv2%2Fcomments&post=874"}],"version-history":[{"count":28,"href":"https:\/\/gadlapaz.gob.ec\/index.php?rest_route=\/wp\/v2\/pages\/874\/revisions"}],"predecessor-version":[{"id":909,"href":"https:\/\/gadlapaz.gob.ec\/index.php?rest_route=\/wp\/v2\/pages\/874\/revisions\/909"}],"wp:attachment":[{"href":"https:\/\/gadlapaz.gob.ec\/index.php?rest_route=%2Fwp%2Fv2%2Fmedia&parent=874"}],"curies":[{"name":"wp","href":"https:\/\/api.w.org\/{rel}","templated":true}]}}