{"id":921,"date":"2025-11-12T14:03:52","date_gmt":"2025-11-12T19:03:52","guid":{"rendered":"https:\/\/gadlapaz.gob.ec\/?page_id=921"},"modified":"2025-11-12T15:01:52","modified_gmt":"2025-11-12T20:01:52","slug":"autoridades","status":"publish","type":"page","link":"https:\/\/gadlapaz.gob.ec\/?page_id=921","title":{"rendered":"Autoridades"},"content":{"rendered":"\t\t<div data-elementor-type=\"wp-page\" data-elementor-id=\"921\" class=\"elementor elementor-921\" data-elementor-post-type=\"page\">\n\t\t\t\t<div class=\"elementor-element elementor-element-672c851 e-flex e-con-boxed e-con e-parent\" data-id=\"672c851\" data-element_type=\"container\">\n\t\t\t\t\t<div class=\"e-con-inner\">\n\t\t\t\t<div class=\"elementor-element elementor-element-e71a88e de_scroll_animation_no elementor-widget elementor-widget-heading\" data-id=\"e71a88e\" data-element_type=\"widget\" data-widget_type=\"heading.default\">\n\t\t\t\t<div class=\"elementor-widget-container\">\n\t\t\t<style>\/*! elementor - v3.21.0 - 25-04-2024 *\/\n.elementor-heading-title{padding:0;margin:0;line-height:1}.elementor-widget-heading .elementor-heading-title[class*=elementor-size-]>a{color:inherit;font-size:inherit;line-height:inherit}.elementor-widget-heading .elementor-heading-title.elementor-size-small{font-size:15px}.elementor-widget-heading .elementor-heading-title.elementor-size-medium{font-size:19px}.elementor-widget-heading .elementor-heading-title.elementor-size-large{font-size:29px}.elementor-widget-heading .elementor-heading-title.elementor-size-xl{font-size:39px}.elementor-widget-heading .elementor-heading-title.elementor-size-xxl{font-size:59px}<\/style><h2 class=\"elementor-heading-title elementor-size-default\">Autoridades Periodo 2023 - 2027<\/h2>\t\t<\/div>\n\t\t\t\t<\/div>\n\t\t\t\t\t<\/div>\n\t\t\t\t<\/div>\n\t\t<div class=\"elementor-element elementor-element-9c3d3cd e-flex e-con-boxed e-con e-parent\" data-id=\"9c3d3cd\" data-element_type=\"container\">\n\t\t\t\t\t<div class=\"e-con-inner\">\n\t\t\t\t<div class=\"elementor-element elementor-element-a3ec177 de_scroll_animation_no elementor-widget elementor-widget-text-editor\" data-id=\"a3ec177\" data-element_type=\"widget\" data-widget_type=\"text-editor.default\">\n\t\t\t\t<div class=\"elementor-widget-container\">\n\t\t\t<style>\/*! elementor - v3.21.0 - 25-04-2024 *\/\n.elementor-widget-text-editor.elementor-drop-cap-view-stacked .elementor-drop-cap{background-color:#69727d;color:#fff}.elementor-widget-text-editor.elementor-drop-cap-view-framed .elementor-drop-cap{color:#69727d;border:3px solid;background-color:transparent}.elementor-widget-text-editor:not(.elementor-drop-cap-view-default) .elementor-drop-cap{margin-top:8px}.elementor-widget-text-editor:not(.elementor-drop-cap-view-default) .elementor-drop-cap-letter{width:1em;height:1em}.elementor-widget-text-editor .elementor-drop-cap{float:left;text-align:center;line-height:1;font-size:50px}.elementor-widget-text-editor .elementor-drop-cap-letter{display:inline-block}<\/style>\t\t\t\t<p>El plan de Gobierno Parroquial para el periodo 2023 \u2013 2027, se fundamente en cuatro ejes:<br \/>Desarrollo Institucional, Sostenibilidad Socio Cultural, Sostenibilidad Econ\u00f3mica y Sostenibilidad Ambiental.<\/p>\t\t\t\t\t\t<\/div>\n\t\t\t\t<\/div>\n\t\t\t\t\t<\/div>\n\t\t\t\t<\/div>\n\t\t<div class=\"elementor-element elementor-element-0a4530c e-flex e-con-boxed e-con e-parent\" data-id=\"0a4530c\" data-element_type=\"container\">\n\t\t\t\t\t<div class=\"e-con-inner\">\n\t\t<div class=\"elementor-element elementor-element-c386cf4 e-flex e-con-boxed e-con e-child\" data-id=\"c386cf4\" data-element_type=\"container\">\n\t\t\t\t\t<div class=\"e-con-inner\">\n\t\t\t\t<div class=\"elementor-element elementor-element-4eaa95d elementor-position-top de_scroll_animation_no elementor-widget elementor-widget-image-box\" data-id=\"4eaa95d\" data-element_type=\"widget\" data-widget_type=\"image-box.default\">\n\t\t\t\t<div class=\"elementor-widget-container\">\n\t\t\t<style>\/*! elementor - v3.21.0 - 25-04-2024 *\/\n.elementor-widget-image-box .elementor-image-box-content{width:100%}@media (min-width:768px){.elementor-widget-image-box.elementor-position-left .elementor-image-box-wrapper,.elementor-widget-image-box.elementor-position-right .elementor-image-box-wrapper{display:flex}.elementor-widget-image-box.elementor-position-right .elementor-image-box-wrapper{text-align:end;flex-direction:row-reverse}.elementor-widget-image-box.elementor-position-left .elementor-image-box-wrapper{text-align:start;flex-direction:row}.elementor-widget-image-box.elementor-position-top .elementor-image-box-img{margin:auto}.elementor-widget-image-box.elementor-vertical-align-top .elementor-image-box-wrapper{align-items:flex-start}.elementor-widget-image-box.elementor-vertical-align-middle .elementor-image-box-wrapper{align-items:center}.elementor-widget-image-box.elementor-vertical-align-bottom .elementor-image-box-wrapper{align-items:flex-end}}@media (max-width:767px){.elementor-widget-image-box .elementor-image-box-img{margin-left:auto!important;margin-right:auto!important;margin-bottom:15px}}.elementor-widget-image-box .elementor-image-box-img{display:inline-block}.elementor-widget-image-box .elementor-image-box-title a{color:inherit}.elementor-widget-image-box .elementor-image-box-wrapper{text-align:center}.elementor-widget-image-box .elementor-image-box-description{margin:0}<\/style><div class=\"elementor-image-box-wrapper\"><figure class=\"elementor-image-box-img\"><img fetchpriority=\"high\" decoding=\"async\" width=\"362\" height=\"494\" src=\"https:\/\/gadlapaz.gob.ec\/wp-content\/uploads\/2025\/11\/Mayrene.png\" class=\"attachment-full size-full wp-image-931\" alt=\"\" srcset=\"https:\/\/gadlapaz.gob.ec\/wp-content\/uploads\/2025\/11\/Mayrene.png 362w, https:\/\/gadlapaz.gob.ec\/wp-content\/uploads\/2025\/11\/Mayrene-220x300.png 220w\" sizes=\"(max-width: 362px) 100vw, 362px\" \/><\/figure><div class=\"elementor-image-box-content\"><h3 class=\"elementor-image-box-title\">Ing. Mayrene Alexandra Lozano Jap\u00f3n<\/h3><p class=\"elementor-image-box-description\">PRESIDENTA DEL GAD PARROQUIAL RURAL LA PAZ<\/p><\/div><\/div>\t\t<\/div>\n\t\t\t\t<\/div>\n\t\t\t\t<div class=\"elementor-element elementor-element-4fe7857 de_scroll_animation_no elementor-widget elementor-widget-text-editor\" data-id=\"4fe7857\" data-element_type=\"widget\" data-widget_type=\"text-editor.default\">\n\t\t\t\t<div class=\"elementor-widget-container\">\n\t\t\t\t\t\t\t<p>Es la M\u00e1xima autoridad administrativa y de representaci\u00f3n legal del Gobierno Aut\u00f3nomo Descentralizado\u00a0 Parroquial Rural La Paz. Sus funciones\u00a0 comprenden el presidir las sesiones del Gobierno Parroquial, cumplir y hacer cumplir la ley y la normativa, planificar el desarrollo parroquial junto con el Consejo de Planificaci\u00f3n, convocar a los consejos y ejecutar los acuerdos y resoluciones. Tambi\u00e9n representa al Gobierno local y tiene la responsabilidad de la ejecuci\u00f3n de los planes y proyectos.<span class=\"uJ19be notranslate\" data-wiz-uids=\"vyyiGd_c,vyyiGd_d,vyyiGd_e\"><span class=\"vKEkVd\" data-animation-atomic=\"\">\u00a0<\/span><\/span><\/p>\t\t\t\t\t\t<\/div>\n\t\t\t\t<\/div>\n\t\t\t\t\t<\/div>\n\t\t\t\t<\/div>\n\t\t\t\t<div class=\"elementor-element elementor-element-2bfc5e7 de_scroll_animation_no elementor-widget elementor-widget-heading\" data-id=\"2bfc5e7\" data-element_type=\"widget\" data-widget_type=\"heading.default\">\n\t\t\t\t<div class=\"elementor-widget-container\">\n\t\t\t<h2 class=\"elementor-heading-title elementor-size-default\">VOCALES GAD PARROQUIAL RURAL LA PAZ<\/h2>\t\t<\/div>\n\t\t\t\t<\/div>\n\t\t\t\t\t<\/div>\n\t\t\t\t<\/div>\n\t\t<div class=\"elementor-element elementor-element-7bae2e1 e-flex e-con-boxed e-con e-parent\" data-id=\"7bae2e1\" data-element_type=\"container\">\n\t\t\t\t\t<div class=\"e-con-inner\">\n\t\t<div class=\"elementor-element elementor-element-af2b6c4 e-grid e-con-boxed e-con e-child\" data-id=\"af2b6c4\" data-element_type=\"container\">\n\t\t\t\t\t<div class=\"e-con-inner\">\n\t\t\t\t<div class=\"elementor-element elementor-element-a5ecc6f de_scroll_animation_no elementor-widget elementor-widget-image\" data-id=\"a5ecc6f\" data-element_type=\"widget\" data-widget_type=\"image.default\">\n\t\t\t\t<div class=\"elementor-widget-container\">\n\t\t\t<style>\/*! elementor - v3.21.0 - 25-04-2024 *\/\n.elementor-widget-image{text-align:center}.elementor-widget-image a{display:inline-block}.elementor-widget-image a img[src$=\".svg\"]{width:48px}.elementor-widget-image img{vertical-align:middle;display:inline-block}<\/style>\t\t\t\t\t\t\t<figure class=\"wp-caption\">\n\t\t\t\t\t\t\t\t\t\t<img decoding=\"async\" width=\"328\" height=\"419\" src=\"https:\/\/gadlapaz.gob.ec\/wp-content\/uploads\/2025\/11\/Maximo.png\" class=\"attachment-large size-large wp-image-930\" alt=\"\" srcset=\"https:\/\/gadlapaz.gob.ec\/wp-content\/uploads\/2025\/11\/Maximo.png 328w, https:\/\/gadlapaz.gob.ec\/wp-content\/uploads\/2025\/11\/Maximo-235x300.png 235w\" sizes=\"(max-width: 328px) 100vw, 328px\" \/>\t\t\t\t\t\t\t\t\t\t\t<figcaption class=\"widget-image-caption wp-caption-text\">M\u00e1ximo Hermidio Pel\u00e1ez Quezada<\/figcaption>\n\t\t\t\t\t\t\t\t\t\t<\/figure>\n\t\t\t\t\t\t\t<\/div>\n\t\t\t\t<\/div>\n\t\t\t\t<div class=\"elementor-element elementor-element-65435c1 de_scroll_animation_no elementor-widget elementor-widget-image\" data-id=\"65435c1\" data-element_type=\"widget\" data-widget_type=\"image.default\">\n\t\t\t\t<div class=\"elementor-widget-container\">\n\t\t\t\t\t\t\t\t\t\t<figure class=\"wp-caption\">\n\t\t\t\t\t\t\t\t\t\t<img decoding=\"async\" width=\"327\" height=\"419\" src=\"https:\/\/gadlapaz.gob.ec\/wp-content\/uploads\/2025\/11\/Karina.png\" class=\"attachment-large size-large wp-image-929\" alt=\"\" srcset=\"https:\/\/gadlapaz.gob.ec\/wp-content\/uploads\/2025\/11\/Karina.png 327w, https:\/\/gadlapaz.gob.ec\/wp-content\/uploads\/2025\/11\/Karina-234x300.png 234w\" sizes=\"(max-width: 327px) 100vw, 327px\" \/>\t\t\t\t\t\t\t\t\t\t\t<figcaption class=\"widget-image-caption wp-caption-text\">Ruth Karina Nanchi Tsukanka<\/figcaption>\n\t\t\t\t\t\t\t\t\t\t<\/figure>\n\t\t\t\t\t\t\t<\/div>\n\t\t\t\t<\/div>\n\t\t\t\t<div class=\"elementor-element elementor-element-c1fb700 de_scroll_animation_no elementor-widget elementor-widget-image\" data-id=\"c1fb700\" data-element_type=\"widget\" data-widget_type=\"image.default\">\n\t\t\t\t<div class=\"elementor-widget-container\">\n\t\t\t\t\t\t\t\t\t\t<figure class=\"wp-caption\">\n\t\t\t\t\t\t\t\t\t\t<img loading=\"lazy\" decoding=\"async\" width=\"329\" height=\"421\" src=\"https:\/\/gadlapaz.gob.ec\/wp-content\/uploads\/2025\/11\/Mercy.png\" class=\"attachment-large size-large wp-image-928\" alt=\"\" srcset=\"https:\/\/gadlapaz.gob.ec\/wp-content\/uploads\/2025\/11\/Mercy.png 329w, https:\/\/gadlapaz.gob.ec\/wp-content\/uploads\/2025\/11\/Mercy-234x300.png 234w\" sizes=\"(max-width: 329px) 100vw, 329px\" \/>\t\t\t\t\t\t\t\t\t\t\t<figcaption class=\"widget-image-caption wp-caption-text\">Mercy In\u00e9s Gonz\u00e1lez Ortega<\/figcaption>\n\t\t\t\t\t\t\t\t\t\t<\/figure>\n\t\t\t\t\t\t\t<\/div>\n\t\t\t\t<\/div>\n\t\t\t\t<div class=\"elementor-element elementor-element-127d833 de_scroll_animation_no elementor-widget elementor-widget-image\" data-id=\"127d833\" data-element_type=\"widget\" data-widget_type=\"image.default\">\n\t\t\t\t<div class=\"elementor-widget-container\">\n\t\t\t\t\t\t\t\t\t\t<figure class=\"wp-caption\">\n\t\t\t\t\t\t\t\t\t\t<img loading=\"lazy\" decoding=\"async\" width=\"329\" height=\"421\" src=\"https:\/\/gadlapaz.gob.ec\/wp-content\/uploads\/2025\/11\/Rosalino.png\" class=\"attachment-large size-large wp-image-927\" alt=\"\" srcset=\"https:\/\/gadlapaz.gob.ec\/wp-content\/uploads\/2025\/11\/Rosalino.png 329w, https:\/\/gadlapaz.gob.ec\/wp-content\/uploads\/2025\/11\/Rosalino-234x300.png 234w\" sizes=\"(max-width: 329px) 100vw, 329px\" \/>\t\t\t\t\t\t\t\t\t\t\t<figcaption class=\"widget-image-caption wp-caption-text\">Manuel Rosalino Guachisaca Gual\u00e1n<\/figcaption>\n\t\t\t\t\t\t\t\t\t\t<\/figure>\n\t\t\t\t\t\t\t<\/div>\n\t\t\t\t<\/div>\n\t\t\t\t\t<\/div>\n\t\t\t\t<\/div>\n\t\t\t\t\t<\/div>\n\t\t\t\t<\/div>\n\t\t\t\t<\/div>\n\t\t","protected":false},"excerpt":{"rendered":"<p>Autoridades Periodo 2023 &#8211; 2027 El plan de Gobierno Parroquial para el periodo 2023 \u2013 2027, se fundamente en cuatro ejes:Desarrollo Institucional, Sostenibilidad Socio Cultural, Sostenibilidad Econ\u00f3mica y Sostenibilidad Ambiental. &#8230;<\/p>\n","protected":false},"author":1,"featured_media":0,"parent":0,"menu_order":0,"comment_status":"closed","ping_status":"closed","template":"","meta":{"footnotes":""},"class_list":["post-921","page","type-page","status-publish","hentry"],"_links":{"self":[{"href":"https:\/\/gadlapaz.gob.ec\/index.php?rest_route=\/wp\/v2\/pages\/921","targetHints":{"allow":["GET"]}}],"collection":[{"href":"https:\/\/gadlapaz.gob.ec\/index.php?rest_route=\/wp\/v2\/pages"}],"about":[{"href":"https:\/\/gadlapaz.gob.ec\/index.php?rest_route=\/wp\/v2\/types\/page"}],"author":[{"embeddable":true,"href":"https:\/\/gadlapaz.gob.ec\/index.php?rest_route=\/wp\/v2\/users\/1"}],"replies":[{"embeddable":true,"href":"https:\/\/gadlapaz.gob.ec\/index.php?rest_route=%2Fwp%2Fv2%2Fcomments&post=921"}],"version-history":[{"count":25,"href":"https:\/\/gadlapaz.gob.ec\/index.php?rest_route=\/wp\/v2\/pages\/921\/revisions"}],"predecessor-version":[{"id":953,"href":"https:\/\/gadlapaz.gob.ec\/index.php?rest_route=\/wp\/v2\/pages\/921\/revisions\/953"}],"wp:attachment":[{"href":"https:\/\/gadlapaz.gob.ec\/index.php?rest_route=%2Fwp%2Fv2%2Fmedia&parent=921"}],"curies":[{"name":"wp","href":"https:\/\/api.w.org\/{rel}","templated":true}]}}